{"id":369,"date":"2022-04-05T11:27:23","date_gmt":"2022-04-05T11:27:23","guid":{"rendered":"https:\/\/ccb-sardegna.it\/?page_id=369"},"modified":"2026-01-07T11:07:50","modified_gmt":"2026-01-07T11:07:50","slug":"lo-staff","status":"publish","type":"page","link":"https:\/\/ccb-sardegna.it\/?page_id=369","title":{"rendered":"Lo staff"},"content":{"rendered":"\n<h2 class=\"wp-block-heading\">Prof. Gianluigi Bacchetta &#8211; Direttore CCB<\/h2>\n\n\n\n<figure class=\"wp-block-image size-large is-resized\"><img loading=\"lazy\" decoding=\"async\" width=\"1024\" height=\"1024\" src=\"https:\/\/ccb-sardegna.it\/wp-content\/uploads\/2022\/04\/46095521_554516598347027_7118406890047930368_n-1024x1024.jpg\" alt=\"\" class=\"wp-image-918\" style=\"width:264px;height:auto\" srcset=\"https:\/\/ccb-sardegna.it\/wp-content\/uploads\/2022\/04\/46095521_554516598347027_7118406890047930368_n-1024x1024.jpg 1024w, https:\/\/ccb-sardegna.it\/wp-content\/uploads\/2022\/04\/46095521_554516598347027_7118406890047930368_n-300x300.jpg 300w, https:\/\/ccb-sardegna.it\/wp-content\/uploads\/2022\/04\/46095521_554516598347027_7118406890047930368_n-150x150.jpg 150w, https:\/\/ccb-sardegna.it\/wp-content\/uploads\/2022\/04\/46095521_554516598347027_7118406890047930368_n-768x768.jpg 768w, https:\/\/ccb-sardegna.it\/wp-content\/uploads\/2022\/04\/46095521_554516598347027_7118406890047930368_n.jpg 1366w\" sizes=\"auto, (max-width: 1024px) 100vw, 1024px\" \/><\/figure>\n\n\n\n<p class=\"has-text-align-left\" style=\"font-size:16px\">Attualmente \u00e8 professore ordinario presso il Dipartimento di Scienze della Vita e dell&#8217;Ambiente dell&#8217;Universit\u00e0 di Cagliari e Professore a contratto presso l&#8217;Universit\u00e0 di Teheran. Direttore del Centro Conservazione Biodiversit\u00e0 (CCB) e precedentemente Direttore dell&#8217;HBK (<em>Hortus Botanicus Karalitanus<\/em>) dell&#8217;Universit\u00e0 di Cagliari. Attualmente \u00e8 Vicedirettore del Corso di Dottorato in Scienze e Tecnologie della Terra e dell&#8217;Ambiente dell&#8217;Universit\u00e0 di Cagliari, Presidente della rete GENMEDA, vicepresidente del consiglio scientifico del Conservatoire Botanique National Corse e delegato regionale per l&#8217;ambiente e paesaggio del Fondo Ambiente Italiano. Inoltre, \u00e8 membro del consiglio scientifico del Conservatoire Botanique National M\u00e9diterran\u00e9enne e del Centro Regionale di Competenza RESTART.<\/p>\n\n\n\n<p class=\"has-text-align-left\" style=\"font-size:16px\">Dal 1991 si occupa di studi geobotanici e di biologia della conservazione vegetale in ambito mediterraneo e della diversit\u00e0 vegetale delle isole per quanto riguarda la fitoclimatologia e la fitogeografia. Ha pubblicato circa 600 articoli scientifici, la maggior parte dei quali su riviste internazionali e ha collaborato con editori italiani e internazionali a 21 libri scientifici. Svolge attivit\u00e0 di peer reviewer per riviste nazionali e internazionali nel campo della conservazione della biodiversit\u00e0. Inoltre, \u00e8 principal investigator di vari progetti internazionali (LIFE+, Interreg, ENPI, ENI, Erasmus+) finanziati dall&#8217;Unione Europea e dalla fondazione privata MAVA.<\/p>\n\n\n\n<p class=\"has-text-align-left\" style=\"font-size:16px\">Contatti: bacchet@unica.it<\/p>\n\n\n\n<p class=\"has-text-align-left\" style=\"font-size:16px\">Researchgate: <a href=\"https:\/\/www.researchgate.net\/profile\/Gianluigi-Bacchetta\">https:\/\/www.researchgate.net\/profile\/Gianluigi-Bacchetta<\/a><\/p>\n\n\n\n<div class=\"wp-block-group\"><div class=\"wp-block-group__inner-container is-layout-flow wp-block-group-is-layout-flow\">\n<div class=\"wp-block-group\"><div class=\"wp-block-group__inner-container is-layout-flow wp-block-group-is-layout-flow\">\n<div class=\"wp-block-group\"><div class=\"wp-block-group__inner-container is-layout-flow wp-block-group-is-layout-flow\">\n<h2 class=\"wp-block-heading\">Ph.D Mauro Fois<\/h2>\n<\/div><\/div>\n<\/div><\/div>\n\n\n\n<figure class=\"wp-block-image size-full is-resized\"><img loading=\"lazy\" decoding=\"async\" width=\"304\" height=\"407\" src=\"https:\/\/ccb-sardegna.it\/wp-content\/uploads\/2022\/04\/Immagine6.png\" alt=\"\" class=\"wp-image-939\" style=\"width:235px;height:auto\" srcset=\"https:\/\/ccb-sardegna.it\/wp-content\/uploads\/2022\/04\/Immagine6.png 304w, https:\/\/ccb-sardegna.it\/wp-content\/uploads\/2022\/04\/Immagine6-224x300.png 224w\" sizes=\"auto, (max-width: 304px) 100vw, 304px\" \/><\/figure>\n\n\n\n<p style=\"font-size:16px\">Laureato in Scienze Naturali presso l\u2019Universit\u00e0 degli Studi di Cagliari, ha conseguito il Dottorato di Ricerca in Botanica Ambientale e Applicata. Attualmente \u00e8 ricercatore presso il Dipartimento di Scienze della Vita e dell&#8217;Ambiente (DISVA) dell&#8217;Universit\u00e0 di Cagliari; svolge attivit\u00e0 di docenza presso il Dipartimento di Scienze Biomediche dell\u2019Universit\u00e0 degli Studi di Sassari. Dal 2010 collabora con il Centro Conservazione Biodiversit\u00e0 (CCB) partecipando alla realizzazione di diversi progetti di ricerca sulla conservazione della biodiversit\u00e0 vegetale, occupandosi nello specifico di studi sulla distribuzione, l\u2019ecologia, lo stato di conservazione e le possibilit\u00e0 di ripristino degli habitat mediterranei, con particolare interesse per i contesti insulari e le aree umide. Consigliere del Direttivo della Societ\u00e0 Botanica Italiana \u2013 sezione sarda per il triennio 2021-2023.<\/p>\n\n\n\n<p style=\"font-size:16px\">Contatti: mfois@unica.it <\/p>\n\n\n\n<p style=\"font-size:16px\">Researchgate: <a href=\"https:\/\/www.researchgate.net\/profile\/Mauro-Fois\">https:\/\/www.researchgate.net\/profile\/Mauro-Fois<\/a><\/p>\n<\/div><\/div>\n\n\n\n<h2 class=\"wp-block-heading\">Ph.D Marco Porceddu <\/h2>\n\n\n\n<figure class=\"wp-block-image size-full is-resized\"><img loading=\"lazy\" decoding=\"async\" width=\"349\" height=\"267\" src=\"https:\/\/ccb-sardegna.it\/wp-content\/uploads\/2022\/04\/Immagine1-2.png\" alt=\"\" class=\"wp-image-900\" style=\"width:286px;height:auto\" srcset=\"https:\/\/ccb-sardegna.it\/wp-content\/uploads\/2022\/04\/Immagine1-2.png 349w, https:\/\/ccb-sardegna.it\/wp-content\/uploads\/2022\/04\/Immagine1-2-300x230.png 300w\" sizes=\"auto, (max-width: 349px) 100vw, 349px\" \/><\/figure>\n\n\n\n<p style=\"font-size:16px\">Nato a Serramanna nel 1983. Laureato in Rilevatore di Ambienti Naturali e Dottore di Ricerca in Botanica Ambientale ed Applicata. Dal 2021 \u00e8 il Curatore della Banca del Germoplasma della Sardegna (BG-SAR) dell\u2019Universit\u00e0 degli Studi di Cagliari. Si occupa principalmente di conservazione <em>ex situ<\/em> e studi sull&#8217;ecofisiologia della germinazione di specie endemiche minacciate di estinzione e di interesse conservazionistico della Sardegna. Nel CCB collabora attivamente nell&#8217;ambito di vari progetti nazionali ed internazionali finalizzati alla conservazione della biodiversit\u00e0 vegetale.<\/p>\n\n\n\n<p style=\"font-size:16px\">Contatti: porceddu.marco@unica.it<\/p>\n\n\n\n<p style=\"font-size:16px\">Researchgate: <a href=\"https:\/\/www.researchgate.net\/profile\/Marco_Porceddu\">https:\/\/www.researchgate.net\/profile\/Marco_Porceddu<\/a><\/p>\n\n\n\n<h2 class=\"wp-block-heading\">Ph.D Lina Podda<\/h2>\n\n\n\n<figure class=\"wp-block-image size-full is-resized\"><img loading=\"lazy\" decoding=\"async\" width=\"710\" height=\"736\" src=\"https:\/\/ccb-sardegna.it\/wp-content\/uploads\/2022\/04\/Immagine2.png\" alt=\"\" class=\"wp-image-930\" style=\"width:292px;height:auto\" srcset=\"https:\/\/ccb-sardegna.it\/wp-content\/uploads\/2022\/04\/Immagine2.png 710w, https:\/\/ccb-sardegna.it\/wp-content\/uploads\/2022\/04\/Immagine2-289x300.png 289w\" sizes=\"auto, (max-width: 710px) 100vw, 710px\" \/><\/figure>\n\n\n\n<p style=\"font-size:16px\">Laureata in Scienze Naturali presso l\u2019Universit\u00e0 di Cagliari, ha conseguito il Dottorato di Ricerca in Botanica Ambientale e Applicata e il titolo di Doctor Europaeus. Attualmente \u00e8 tecnico presso il Dipartimento di Scienze della Vita e dell&#8217;Ambiente dell&#8217;Universit\u00e0 di Cagliari (DISVA). Dal 2003 collabora con il Centro Conservazione Biodiversit\u00e0 (CCB) partecipando alla realizzazione di diversi progetti di ricerca sulla conservazione <em>in situ<\/em> ed <em>ex<\/em> <em>situ<\/em> e occupandosi nello specifico dello studio delle piante aliene invasive. Socia fondatrice della Cooperativa Diomedea, dal 1999 si occupa di divulgazione e di educazione ambientale, collaborando con l\u2019Area Marina Protetta di Capo Carbonara nella gestione dei servizi educativi del CEAS.<\/p>\n\n\n\n<p style=\"font-size:16px\">Contatti: lina.podda@unica.it<\/p>\n\n\n\n<p style=\"font-size:16px\">Researchgate: <a href=\"https:\/\/www.researchgate.net\/profile\/Lina-Podda\">https:\/\/www.researchgate.net\/profile\/Lina-Podda<\/a><\/p>\n\n\n\n<h2 class=\"wp-block-heading\">Ph.D Marco Sarigu<\/h2>\n\n\n\n<figure class=\"wp-block-image size-full is-resized\"><img loading=\"lazy\" decoding=\"async\" width=\"640\" height=\"480\" src=\"https:\/\/ccb-sardegna.it\/wp-content\/uploads\/2022\/04\/221665608_5896575200417957_3739315416379192818_n.jpg\" alt=\"\" class=\"wp-image-942\" style=\"width:368px;height:auto\" srcset=\"https:\/\/ccb-sardegna.it\/wp-content\/uploads\/2022\/04\/221665608_5896575200417957_3739315416379192818_n.jpg 640w, https:\/\/ccb-sardegna.it\/wp-content\/uploads\/2022\/04\/221665608_5896575200417957_3739315416379192818_n-300x225.jpg 300w\" sizes=\"auto, (max-width: 640px) 100vw, 640px\" \/><\/figure>\n\n\n\n<p style=\"font-size:16px\">Laureato in Scienze Naturali presso l\u2019Universit\u00e0 di Cagliari, ha conseguito il Dottorato di Ricerca in Botanica Ambientale e Applicata e il titolo di Doctor Europaeus. Attualmente \u00e8 tecnico presso il Dipartimento di Scienze della Vita e dell&#8217;Ambiente dell&#8217;Universit\u00e0 di Cagliari (DISVA). Dal 2012 collabora con il Centro Conservazione Biodiversit\u00e0 (CCB) partecipando alla realizzazione di diversi progetti di ricerca sulla conservazione <em>in situ<\/em> ed <em>ex<\/em> <em>situ<\/em> e occupandosi nello specifico di analisi morfo-colorimetriche applicate su semi di specie di interesse conservazionistico, cultivar locali di interesse agronomico e identificazione di archeosemi provenienti da contesti archeologici.<\/p>\n\n\n\n<p style=\"font-size:16px\">Contatti: msarigu@unica.it<\/p>\n\n\n\n<p style=\"font-size:16px\">Researchgate: <a href=\"https:\/\/www.researchgate.net\/profile\/Marco-Sarigu\">https:\/\/www.researchgate.net\/profile\/Marco-Sarigu<\/a><\/p>\n\n\n\n<h2 class=\"wp-block-heading\">Ph.D Alba Cuena Lombra\u00f1a<\/h2>\n\n\n\n<figure class=\"wp-block-image size-full is-resized\"><img loading=\"lazy\" decoding=\"async\" width=\"316\" height=\"407\" src=\"https:\/\/ccb-sardegna.it\/wp-content\/uploads\/2022\/04\/Immagine5.png\" alt=\"\" class=\"wp-image-945\" style=\"width:347px;height:auto\" srcset=\"https:\/\/ccb-sardegna.it\/wp-content\/uploads\/2022\/04\/Immagine5.png 316w, https:\/\/ccb-sardegna.it\/wp-content\/uploads\/2022\/04\/Immagine5-233x300.png 233w\" sizes=\"auto, (max-width: 316px) 100vw, 316px\" \/><\/figure>\n\n\n\n<p style=\"font-size:16px\">Laureata in Scienze Ambientali presso l\u2019Universit\u00e0 di Toledo, ha conseguito il Dottorato di Ricerca in Botanica Ambientale e Applicata. Attualmente \u00e8 ricercatrice presso il Dipartimento di Scienze della Vita e dell&#8217;Ambiente dell&#8217;Universit\u00e0 degli Studi di Cagliari (DISVA). Dal 2010 collabora con il Centro Conservazione Biodiversit\u00e0 (CCB) partecipando alla realizzazione di diversi progetti di ricerca sulla conservazione <em>in situ<\/em> ed <em>ex<\/em> <em>situ<\/em> e occupandosi nello specifico di monitoraggi di specie di Direttiva Habitat, inventari delle zone umide della Sardegna e altre attivit\u00e0 in campo. Per la parte <em>ex<\/em> <em>situ<\/em>, collabora attivamente all\u2019interno della Banca del Germoplasma della Sardegna (BG-SAR), con le raccolte e le prove di germinazione delle specie conservate.<\/p>\n\n\n\n<p style=\"font-size:16px\">Contatti: alba.cuena@unica.it<\/p>\n\n\n\n<p style=\"font-size:16px\">Researchgate: <a href=\"https:\/\/www.researchgate.net\/profile\/Alba-Cuena-Lombrana\">https:\/\/www.researchgate.net\/profile\/Alba-Cuena-Lombrana<\/a><\/p>\n\n\n\n<div class=\"wp-block-group\"><div class=\"wp-block-group__inner-container is-layout-flow wp-block-group-is-layout-flow\">\n<h2 class=\"wp-block-heading\" style=\"font-size:27px\">Ph.D Maria Enrica Boi<\/h2>\n\n\n\n<figure class=\"wp-block-image size-full is-resized\"><img loading=\"lazy\" decoding=\"async\" width=\"312\" height=\"296\" src=\"https:\/\/ccb-sardegna.it\/wp-content\/uploads\/2022\/04\/Immagine4.png\" alt=\"\" class=\"wp-image-951\" style=\"width:363px;height:auto\" srcset=\"https:\/\/ccb-sardegna.it\/wp-content\/uploads\/2022\/04\/Immagine4.png 312w, https:\/\/ccb-sardegna.it\/wp-content\/uploads\/2022\/04\/Immagine4-300x285.png 300w\" sizes=\"auto, (max-width: 312px) 100vw, 312px\" \/><\/figure>\n\n\n\n<p style=\"font-size:16px\">Laureata in Scienze Naturali presso l\u2019Universit\u00e0 di Cagliari, ha conseguito il Dottorato di Ricerca in \u201cScienze e tecnologie della terra e dell\u2019ambiente\u201d nel 2019. Attualmente \u00e8 assegnista di ricerca presso il Dipartimento di Scienze della Vita e dell&#8217;Ambiente dell&#8217;Universit\u00e0 degli Studi di Cagliari (DISVA). Dal 2015 collabora con il Centro Conservazione Biodiversit\u00e0 (CCB) partecipando alla realizzazione di diversi progetti di ricerca e occupandosi nello specifico di <em>phytoremediation<\/em> (fitorisanamento) di aree soggette a contaminazione da metalli pesanti e metalloidi, come le aree minerarie. Nell\u2019ambito di tali ricerche ha collaborato e collabora con il Dipartimento di Scienze Chimiche e Geologiche (DISCG) e con il Dipartimento di Ingegneria Civile, Ambientale e Architettura (DICAAR) dell\u2019Universit\u00e0 di Cagliari. Inoltre, collabora attivamente all\u2019interno della Banca del Germoplasma della Sardegna (BG-SAR), con le raccolte, le prove di germinazione delle specie conservate e in particolare con specie di interesse per il fitorisanamento.<\/p>\n\n\n\n<p style=\"font-size:16px\">Contatti: mariae.boi@unica.it<\/p>\n\n\n\n<p style=\"font-size:16px\">Researchgate: <a href=\"https:\/\/www.researchgate.net\/profile\/Maria-Boi\">https:\/\/www.researchgate.net\/profile\/Maria-Boi<\/a><\/p>\n<\/div><\/div>\n\n\n\n<div class=\"wp-block-group\"><div class=\"wp-block-group__inner-container is-layout-flow wp-block-group-is-layout-flow\">\n<p style=\"font-size:16px\"><\/p>\n<\/div><\/div>\n\n\n\n<div class=\"wp-block-group\"><div class=\"wp-block-group__inner-container is-layout-flow wp-block-group-is-layout-flow\">\n<h2 class=\"wp-block-heading\" style=\"font-size:30px\">Ph.D Ludovica Dess\u00ec<\/h2>\n\n\n\n<figure class=\"wp-block-image size-full is-resized\"><img loading=\"lazy\" decoding=\"async\" width=\"583\" height=\"724\" src=\"https:\/\/ccb-sardegna.it\/wp-content\/uploads\/2022\/04\/Immagine2.jpg\" alt=\"\" class=\"wp-image-960\" style=\"width:302px;height:auto\" srcset=\"https:\/\/ccb-sardegna.it\/wp-content\/uploads\/2022\/04\/Immagine2.jpg 583w, https:\/\/ccb-sardegna.it\/wp-content\/uploads\/2022\/04\/Immagine2-242x300.jpg 242w\" sizes=\"auto, (max-width: 583px) 100vw, 583px\" \/><\/figure>\n\n\n\n<p style=\"font-size:16px\">Laureata in Scienze e Tecnologie per l\u2019Ambiente, con un Dottorato di Ricerca di Scienze e Tecnologie della Terra e dell\u2019Ambiente presso il Dipartimento di Scienze della Vita e dell\u2019Ambiente (DISVA) dell\u2019Universit\u00e0 degli Studi di Cagliari. Collabora attivamente con Centro Conservazione Biodiversit\u00e0 (CCB) e presso la Banca del Germoplasma della Sardegna (BG-SAR) nel ruolo di tecnico nell\u2019ambito di vari progetti nazionali e internazionali per la conservazione<em> ex situ<\/em> della biodiversit\u00e0, in particolare per la tutela di specie botaniche che hanno un interesse conservazionistico nel Bacino del Mediterraneo. <\/p>\n\n\n\n<p style=\"font-size:16px\">Contatti: ludovica.dessi@unica.it<\/p>\n\n\n\n<p style=\"font-size:16px\">Researchgate:<a href=\"https:\/\/www.researchgate.net\/profile\/Ludovica-Dessi\">https:\/\/www.researchgate.net\/profile\/Ludovica-Dessi<\/a><\/p>\n<\/div><\/div>\n\n\n\n<p style=\"font-size:30px\"><strong>Ph.D student Benedetta Gori<\/strong><\/p>\n\n\n\n<p style=\"font-size:30px\"><strong>Ph.D student Hicham Frederic el Zein<\/strong><\/p>\n\n\n\n<p style=\"font-size:30px\"><strong>Ph.D student Clizia Sarni<\/strong><\/p>\n\n\n\n<p><\/p>\n","protected":false},"excerpt":{"rendered":"<p>Prof. Gianluigi Bacchetta &#8211; Direttore CCB Attualmente \u00e8 professore ordinario presso il Dipartimento di Scienze della Vita e dell&#8217;Ambiente dell&#8217;Universit\u00e0 di Cagliari e Professore a contratto presso l&#8217;Universit\u00e0 di Teheran.&hellip;<\/p>\n","protected":false},"author":3,"featured_media":0,"parent":0,"menu_order":0,"comment_status":"closed","ping_status":"closed","template":"","meta":{"footnotes":""},"class_list":["post-369","page","type-page","status-publish","hentry"],"jetpack_sharing_enabled":true,"jetpack_likes_enabled":true,"_links":{"self":[{"href":"https:\/\/ccb-sardegna.it\/index.php?rest_route=\/wp\/v2\/pages\/369","targetHints":{"allow":["GET"]}}],"collection":[{"href":"https:\/\/ccb-sardegna.it\/index.php?rest_route=\/wp\/v2\/pages"}],"about":[{"href":"https:\/\/ccb-sardegna.it\/index.php?rest_route=\/wp\/v2\/types\/page"}],"author":[{"embeddable":true,"href":"https:\/\/ccb-sardegna.it\/index.php?rest_route=\/wp\/v2\/users\/3"}],"replies":[{"embeddable":true,"href":"https:\/\/ccb-sardegna.it\/index.php?rest_route=%2Fwp%2Fv2%2Fcomments&post=369"}],"version-history":[{"count":27,"href":"https:\/\/ccb-sardegna.it\/index.php?rest_route=\/wp\/v2\/pages\/369\/revisions"}],"predecessor-version":[{"id":3049,"href":"https:\/\/ccb-sardegna.it\/index.php?rest_route=\/wp\/v2\/pages\/369\/revisions\/3049"}],"wp:attachment":[{"href":"https:\/\/ccb-sardegna.it\/index.php?rest_route=%2Fwp%2Fv2%2Fmedia&parent=369"}],"curies":[{"name":"wp","href":"https:\/\/api.w.org\/{rel}","templated":true}]}}